{"id":32097,"date":"2025-10-21T17:03:19","date_gmt":"2025-10-21T15:03:19","guid":{"rendered":"http:\/\/fabio.devclik.com\/?page_id=32097"},"modified":"2026-04-01T16:08:36","modified_gmt":"2026-04-01T14:08:36","slug":"droits-a-limage","status":"publish","type":"page","link":"https:\/\/fabio.devclik.com\/fr\/image-rights\/","title":{"rendered":"Droit \u00e0 l'image"},"content":{"rendered":"<div data-elementor-type=\"wp-page\" data-elementor-id=\"32097\" class=\"elementor elementor-32097\" data-elementor-post-type=\"page\">\n\t\t\t\t<div class=\"elementor-element elementor-element-60823de e-flex e-con-boxed e-con e-parent\" data-id=\"60823de\" data-element_type=\"container\" data-e-type=\"container\" data-settings=\"{&quot;background_background&quot;:&quot;classic&quot;}\">\n\t\t\t\t\t<div class=\"e-con-inner\">\n\t\t<div class=\"elementor-element elementor-element-ed118fd e-flex e-con-boxed e-con e-child\" data-id=\"ed118fd\" data-element_type=\"container\" data-e-type=\"container\">\n\t\t\t\t\t<div class=\"e-con-inner\">\n\t\t<div class=\"elementor-element elementor-element-3a19035 e-flex e-con-boxed e-con e-child\" data-id=\"3a19035\" data-element_type=\"container\" data-e-type=\"container\">\n\t\t\t\t\t<div class=\"e-con-inner\">\n\t\t\t\t<div class=\"elementor-element elementor-element-c7df9ce elementor-widget elementor-widget-heading\" data-id=\"c7df9ce\" data-element_type=\"widget\" data-e-type=\"widget\" data-widget_type=\"heading.default\">\n\t\t\t\t\t<h2 class=\"elementor-heading-title elementor-size-default\">POLITIQUE D'UTILISATION<\/h2>\t\t\t\t<\/div>\n\t\t\t\t<div class=\"elementor-element elementor-element-5a90408 elementor-widget elementor-widget-heading\" data-id=\"5a90408\" data-element_type=\"widget\" data-e-type=\"widget\" data-widget_type=\"heading.default\">\n\t\t\t\t\t<h2 class=\"elementor-heading-title elementor-size-default\">Image Rights &amp; Usage Terms\n<\/h2>\t\t\t\t<\/div>\n\t\t\t\t<div class=\"elementor-element elementor-element-7819820 elementor-widget elementor-widget-text-editor\" data-id=\"7819820\" data-element_type=\"widget\" data-e-type=\"widget\" data-widget_type=\"text-editor.default\">\n\t\t\t\t\t\t\t\t\tOur photographs, videos and renderings are available for use by media, partners and private users, provided that the proper credit is given and our brand integrity is maintained.\n\n\t\t\t\t\t\t\t\t<\/div>\n\t\t\t\t\t<\/div>\n\t\t\t\t<\/div>\n\t\t<div class=\"elementor-element elementor-element-31157dd e-flex e-con-boxed e-con e-child\" data-id=\"31157dd\" data-element_type=\"container\" data-e-type=\"container\">\n\t\t\t\t\t<div class=\"e-con-inner\">\n\t\t\t\t<div class=\"elementor-element elementor-element-02adcaa elementor-widget elementor-widget-heading\" data-id=\"02adcaa\" data-element_type=\"widget\" data-e-type=\"widget\" data-widget_type=\"heading.default\">\n\t\t\t\t\t<h3 class=\"elementor-heading-title elementor-size-default\">Propri\u00e9t\u00e9\n<\/h3>\t\t\t\t<\/div>\n\t\t\t\t<div class=\"elementor-element elementor-element-28c56b4 elementor-widget elementor-widget-text-editor\" data-id=\"28c56b4\" data-element_type=\"widget\" data-e-type=\"widget\" data-widget_type=\"text-editor.default\">\n\t\t\t\t\t\t\t\t\t<p>Toutes les images et vid\u00e9os figurant sur ce site web sont des \u0153uvres prot\u00e9g\u00e9es par les droits d'auteur de\u00a0<strong>Fabio Alemanno Design<\/strong>\u00a0or are used with permission from our partners (hotels, spas, designers, architects, private clients).<\/p>\t\t\t\t\t\t\t\t<\/div>\n\t\t\t\t<div class=\"elementor-element elementor-element-e8045a7 elementor-widget elementor-widget-text-editor\" data-id=\"e8045a7\" data-element_type=\"widget\" data-e-type=\"widget\" data-widget_type=\"text-editor.default\">\n\t\t\t\t\t\t\t\t\t<p>For privacy-related requests, you can contact us at <a href=\"mailto:info@fa-design.co.uk\">info@fa-design.co.uk.<\/a><\/p>\t\t\t\t\t\t\t\t<\/div>\n\t\t\t\t\t<\/div>\n\t\t\t\t<\/div>\n\t\t<div class=\"elementor-element elementor-element-30f362d e-flex e-con-boxed e-con e-child\" data-id=\"30f362d\" data-element_type=\"container\" data-e-type=\"container\">\n\t\t\t\t\t<div class=\"e-con-inner\">\n\t\t\t\t<div class=\"elementor-element elementor-element-7689f25 elementor-widget elementor-widget-heading\" data-id=\"7689f25\" data-element_type=\"widget\" data-e-type=\"widget\" data-widget_type=\"heading.default\">\n\t\t\t\t\t<h3 class=\"elementor-heading-title elementor-size-default\">Comment cr\u00e9diter Fabio Alemanno Design\n<\/h3>\t\t\t\t<\/div>\n\t\t\t\t<div class=\"elementor-element elementor-element-46b0ddf elementor-widget elementor-widget-text-editor\" data-id=\"46b0ddf\" data-element_type=\"widget\" data-e-type=\"widget\" data-widget_type=\"text-editor.default\">\n\t\t\t\t\t\t\t\t\tChaque image partag\u00e9e ou republi\u00e9e doit comporter une ligne de cr\u00e9dit ou un lien visible :\n\n\n\t\t\t\t\t\t\t\t<\/div>\n\t\t\t\t<div class=\"elementor-element elementor-element-7c5212c elementor-widget elementor-widget-text-editor\" data-id=\"7c5212c\" data-element_type=\"widget\" data-e-type=\"widget\" data-widget_type=\"text-editor.default\">\n\t\t\t\t\t\t\t\t\t<ul><li><strong>Cr\u00e9dit standard :<\/strong> \u201c\u00a9 Fabio Alemanno Design - <a href=\"https:\/\/fabioalemanno.com\">fabioalemanno.com<\/a>\u201d<\/li><li><strong>Sites des partenaires :<\/strong> \u201cPhoto avec l'aimable autorisation de  - pr\u00e9sente le produit Fabio Alemanno Design (<a href=\"https:\/\/fabioalemanno.com\">fabioalemanno.com<\/a>)\u201d<\/li><li><strong>R\u00e9sidences priv\u00e9es :<\/strong> \u201cCourtesy of Private Client - features Fabio Alemanno Design product (<a href=\"https:\/\/fabioalemanno.com\">fabioalemanno.com<\/a>)\u201d<\/li><\/ul>\t\t\t\t\t\t\t\t<\/div>\n\t\t\t\t<div class=\"elementor-element elementor-element-6ea5737 elementor-widget elementor-widget-text-editor\" data-id=\"6ea5737\" data-element_type=\"widget\" data-e-type=\"widget\" data-widget_type=\"text-editor.default\">\n\t\t\t\t\t\t\t\t\tUn lien cliquable vers fabioalemanno.com est n\u00e9cessaire pour l'utilisation en ligne. Pour l'impression, l'adresse du site web doit figurer dans la l\u00e9gende.\n\t\t\t\t\t\t\t\t<\/div>\n\t\t\t\t\t<\/div>\n\t\t\t\t<\/div>\n\t\t<div class=\"elementor-element elementor-element-f81b2c6 e-con-full e-flex e-con e-child\" data-id=\"f81b2c6\" data-element_type=\"container\" data-e-type=\"container\">\n\t\t<div class=\"elementor-element elementor-element-8c40aff e-con-full e-flex e-con e-child\" data-id=\"8c40aff\" data-element_type=\"container\" data-e-type=\"container\" data-settings=\"{&quot;background_background&quot;:&quot;classic&quot;}\">\n\t\t\t\t<div class=\"elementor-element elementor-element-2c8470e elementor-widget elementor-widget-heading\" data-id=\"2c8470e\" data-element_type=\"widget\" data-e-type=\"widget\" data-widget_type=\"heading.default\">\n\t\t\t\t\t<h4 class=\"elementor-heading-title elementor-size-default\">Utilisations autoris\u00e9es\n<\/h4>\t\t\t\t<\/div>\n\t\t\t\t<div class=\"elementor-element elementor-element-4260254 elementor-widget elementor-widget-text-editor\" data-id=\"4260254\" data-element_type=\"widget\" data-e-type=\"widget\" data-widget_type=\"text-editor.default\">\n\t\t\t\t\t\t\t\t\t\n<ul>\n \t<li>Articles \u00e9ditoriaux, communiqu\u00e9s de presse, prix ou critiques mentionnant Fabio Alemanno Design.<\/li>\n \t<li>R\u00e9f\u00e9rences de partenaires (h\u00f4tels, spas, designers, architectes) montrant des produits FAD install\u00e9s.<\/li>\n \t<li>Les posts sur les m\u00e9dias sociaux ou les sites web pr\u00e9sentant les produits de Fabio Alemanno Design, avec le cr\u00e9dit et le lien appropri\u00e9s.<\/li>\n \t<li>Pr\u00e9sentations \u00e9ducatives ou non commerciales citant fabioalemanno.com.<\/li>\n<\/ul>\t\t\t\t\t\t\t\t<\/div>\n\t\t\t\t<\/div>\n\t\t<div class=\"elementor-element elementor-element-d141f14 e-con-full e-flex e-con e-child\" data-id=\"d141f14\" data-element_type=\"container\" data-e-type=\"container\" data-settings=\"{&quot;background_background&quot;:&quot;classic&quot;}\">\n\t\t\t\t<div class=\"elementor-element elementor-element-7ddf161 elementor-widget elementor-widget-heading\" data-id=\"7ddf161\" data-element_type=\"widget\" data-e-type=\"widget\" data-widget_type=\"heading.default\">\n\t\t\t\t\t<h4 class=\"elementor-heading-title elementor-size-default\">Non autoris\u00e9<\/h4>\t\t\t\t<\/div>\n\t\t\t\t<div class=\"elementor-element elementor-element-180071d elementor-widget elementor-widget-text-editor\" data-id=\"180071d\" data-element_type=\"widget\" data-e-type=\"widget\" data-widget_type=\"text-editor.default\">\n\t\t\t\t\t\t\t\t\t<ul ><li>L'utilisation d'images pour la promotion de produits sans rapport avec le sujet ou pour des annonces commerciales sans autorisation.<\/li><li>Supprimer, recadrer ou masquer les cr\u00e9dits, les logos ou les filigranes.<\/li><li>Retouche ou \u00e9dition lourde qui modifie l'int\u00e9grit\u00e9 ou le contexte de l'image.<\/li><li>La redistribution en masse ou la revente d'images sous quelque forme que ce soit.<\/li><\/ul>\t\t\t\t\t\t\t\t<\/div>\n\t\t\t\t<\/div>\n\t\t\t\t<\/div>\n\t\t<div class=\"elementor-element elementor-element-df6d33d e-flex e-con-boxed e-con e-child\" data-id=\"df6d33d\" data-element_type=\"container\" data-e-type=\"container\">\n\t\t\t\t\t<div class=\"e-con-inner\">\n\t\t\t\t<div class=\"elementor-element elementor-element-49638d8 elementor-widget elementor-widget-heading\" data-id=\"49638d8\" data-element_type=\"widget\" data-e-type=\"widget\" data-widget_type=\"heading.default\">\n\t\t\t\t\t<h3 class=\"elementor-heading-title elementor-size-default\">Besoin d'une r\u00e9solution plus \u00e9lev\u00e9e ou d'une utilisation sp\u00e9ciale ?\n<\/h3>\t\t\t\t<\/div>\n\t\t\t\t<div class=\"elementor-element elementor-element-a3e9288 elementor-widget elementor-widget-text-editor\" data-id=\"a3e9288\" data-element_type=\"widget\" data-e-type=\"widget\" data-widget_type=\"text-editor.default\">\n\t\t\t\t\t\t\t\t\tFor high-resolution files, commercial campaigns or advertising licenses, please contact us at info@fa-design.co.uk and include:\n\n\n\t\t\t\t\t\t\t\t<\/div>\n\t\t\t\t<div class=\"elementor-element elementor-element-2e1600d elementor-widget elementor-widget-text-editor\" data-id=\"2e1600d\" data-element_type=\"widget\" data-e-type=\"widget\" data-widget_type=\"text-editor.default\">\n\t\t\t\t\t\t\t\t\t<ol><li>Lien ou nom de fichier de l'image que vous souhaitez utiliser.<\/li><li>But de l'utilisation (presse, publicit\u00e9, social, etc.).<\/li><li>Type de distribution (imprim\u00e9, web, vid\u00e9o), territoire et dur\u00e9e.<\/li><li>Le format de cr\u00e9dit que vous pr\u00e9f\u00e9rez.<\/li><\/ol>\t\t\t\t\t\t\t\t<\/div>\n\t\t\t\t<div class=\"elementor-element elementor-element-92fb0a4 elementor-widget elementor-widget-text-editor\" data-id=\"92fb0a4\" data-element_type=\"widget\" data-e-type=\"widget\" data-widget_type=\"text-editor.default\">\n\t\t\t\t\t\t\t\t\tNous confirmerons les conditions de la licence et fournirons les d\u00e9tails d'attribution ou les d\u00e9clarations de droits d'auteur n\u00e9cessaires.\t\t\t\t\t\t\t\t<\/div>\n\t\t\t\t\t<\/div>\n\t\t\t\t<\/div>\n\t\t<div class=\"elementor-element elementor-element-f8863a2 e-con-full e-flex e-con e-child\" data-id=\"f8863a2\" data-element_type=\"container\" data-e-type=\"container\">\n\t\t\t\t<div class=\"elementor-element elementor-element-b7e79b0 elementor-widget elementor-widget-heading\" data-id=\"b7e79b0\" data-element_type=\"widget\" data-e-type=\"widget\" data-widget_type=\"heading.default\">\n\t\t\t\t\t<h3 class=\"elementor-heading-title elementor-size-default\">Metadata &amp; Structured Data<\/h3>\t\t\t\t<\/div>\n\t\t\t\t<div class=\"elementor-element elementor-element-78c0f16 elementor-widget elementor-widget-text-editor\" data-id=\"78c0f16\" data-element_type=\"widget\" data-e-type=\"widget\" data-widget_type=\"text-editor.default\">\n\t\t\t\t\t\t\t\t\tOur images include IPTC and schema.org metadata to ensure correct attribution. These fields link back to this page for transparency and search compliance.\t\t\t\t\t\t\t\t<\/div>\n\t\t\t\t<div class=\"elementor-element elementor-element-9e45264 elementor-widget elementor-widget-n-accordion\" data-id=\"9e45264\" data-element_type=\"widget\" data-e-type=\"widget\" data-settings=\"{&quot;default_state&quot;:&quot;expanded&quot;,&quot;max_items_expended&quot;:&quot;one&quot;,&quot;n_accordion_animation_duration&quot;:{&quot;unit&quot;:&quot;ms&quot;,&quot;size&quot;:400,&quot;sizes&quot;:[]}}\" data-widget_type=\"nested-accordion.default\">\n\t\t\t\t\t\t\t<div class=\"e-n-accordion\" aria-label=\"Accordion. Open links with Enter or Space, close with Escape, and navigate with Arrow Keys\">\n\t\t\t\t\t\t<details id=\"e-n-accordion-item-1650\" class=\"e-n-accordion-item\" open>\n\t\t\t\t<summary class=\"e-n-accordion-item-title\" data-accordion-index=\"1\" tabindex=\"0\" aria-expanded=\"true\" aria-controls=\"e-n-accordion-item-1650\" >\n\t\t\t\t\t<span class='e-n-accordion-item-title-header'><div class=\"e-n-accordion-item-title-text\"> Champs de m\u00e9tadonn\u00e9es typiques <\/div><\/span>\n\t\t\t\t\t\t\t<span class='e-n-accordion-item-title-icon'>\n\t\t\t<span class='e-opened' ><svg aria-hidden=\"true\" class=\"e-font-icon-svg e-fas-caret-down\" viewbox=\"0 0 320 512\" xmlns=\"http:\/\/www.w3.org\/2000\/svg\"><path d=\"M31.3 192h257.3c17.8 0 26.7 21.5 14.1 34.1L174.1 354.8c-7.8 7.8-20.5 7.8-28.3 0L17.2 226.1C4.6 213.5 13.5 192 31.3 192z\"><\/path><\/svg><\/span>\n\t\t\t<span class='e-closed'><svg aria-hidden=\"true\" class=\"e-font-icon-svg e-fas-caret-right\" viewbox=\"0 0 192 512\" xmlns=\"http:\/\/www.w3.org\/2000\/svg\"><path d=\"M0 384.662V127.338c0-17.818 21.543-26.741 34.142-14.142l128.662 128.662c7.81 7.81 7.81 20.474 0 28.284L34.142 398.804C21.543 411.404 0 402.48 0 384.662z\"><\/path><\/svg><\/span>\n\t\t<\/span>\n\n\t\t\t\t\t\t<\/summary>\n\t\t\t\t<div role=\"region\" aria-labelledby=\"e-n-accordion-item-1650\" class=\"elementor-element elementor-element-b83ffb6 e-con-full e-flex e-con e-child\" data-id=\"b83ffb6\" data-element_type=\"container\" data-e-type=\"container\">\n\t\t\t\t<div class=\"elementor-element elementor-element-6b115e9 elementor-widget elementor-widget-text-editor\" data-id=\"6b115e9\" data-element_type=\"widget\" data-e-type=\"widget\" data-widget_type=\"text-editor.default\">\n\t\t\t\t\t\t\t\t\t<ul><li><strong>Cr\u00e9ateur :<\/strong> Fabio Alemanno Design ou Courtesy of Partner\/Private Client<\/li><li><strong>Ligne de cr\u00e9dit :<\/strong> Par exemple, \u201cCourtesy of  - features Fabio Alemanno Design product\u201d.\u201d<\/li><li><strong>Avis de droit d'auteur :<\/strong> Fabio Alemanno Design<\/li><li><strong>D\u00e9claration des droits sur le web :<\/strong> <a href=\"https:\/\/fabioalemanno.com\/image-rights\">fabioalemanno.com\/image-rights<\/a><\/li><\/ul>\t\t\t\t\t\t\t\t<\/div>\n\t\t\t\t<\/div>\n\t\t\t\t\t<\/details>\n\t\t\t\t\t<\/div>\n\t\t\t\t\t\t<\/div>\n\t\t\t\t<\/div>\n\t\t<div class=\"elementor-element elementor-element-abc6ac7 e-flex e-con-boxed e-con e-child\" data-id=\"abc6ac7\" data-element_type=\"container\" data-e-type=\"container\">\n\t\t\t\t\t<div class=\"e-con-inner\">\n\t\t\t\t<div class=\"elementor-element elementor-element-d545ff8 elementor-widget elementor-widget-heading\" data-id=\"d545ff8\" data-element_type=\"widget\" data-e-type=\"widget\" data-widget_type=\"heading.default\">\n\t\t\t\t\t<h3 class=\"elementor-heading-title elementor-size-default\">Contact<\/h3>\t\t\t\t<\/div>\n\t\t\t\t<div class=\"elementor-element elementor-element-774cf8a elementor-widget elementor-widget-text-editor\" data-id=\"774cf8a\" data-element_type=\"widget\" data-e-type=\"widget\" data-widget_type=\"text-editor.default\">\n\t\t\t\t\t\t\t\t\tPour toute question concernant l'utilisation des images ou la mention de la source, envoyez-nous un courriel \u00e0 l'adresse suivante :\t\t\t\t\t\t\t\t<\/div>\n\t\t\t\t<div class=\"elementor-element elementor-element-390d832 elementor-align-center elementor-widget elementor-widget-button\" data-id=\"390d832\" data-element_type=\"widget\" data-e-type=\"widget\" data-widget_type=\"button.default\">\n\t\t\t\t\t\t\t\t\t\t<a class=\"elementor-button elementor-button-link elementor-size-sm\" href=\"mailto:info@fa-design.co.uk\">\n\t\t\t\t\t\t<span class=\"elementor-button-content-wrapper\">\n\t\t\t\t\t\t\t\t\t<span class=\"elementor-button-text\">info@fa-design.co.uk<\/span>\n\t\t\t\t\t<\/span>\n\t\t\t\t\t<\/a>\n\t\t\t\t\t\t\t\t<\/div>\n\t\t\t\t\t<\/div>\n\t\t\t\t<\/div>\n\t\t<div class=\"elementor-element elementor-element-1143de9 e-flex e-con-boxed e-con e-child\" data-id=\"1143de9\" data-element_type=\"container\" data-e-type=\"container\">\n\t\t\t\t\t<div class=\"e-con-inner\">\n\t\t\t\t<div class=\"elementor-element elementor-element-739b72c elementor-widget elementor-widget-text-editor\" data-id=\"739b72c\" data-element_type=\"widget\" data-e-type=\"widget\" data-widget_type=\"text-editor.default\">\n\t\t\t\t\t\t\t\t\t\u00a9\u00a02026 Fabio Alemanno Design. All rights reserved.\t\t\t\t\t\t\t\t<\/div>\n\t\t\t\t<div class=\"elementor-element elementor-element-082578c elementor-widget elementor-widget-text-editor\" data-id=\"082578c\" data-element_type=\"widget\" data-e-type=\"widget\" data-widget_type=\"text-editor.default\">\n\t\t\t\t\t\t\t\t\tCette page d\u00e9finit la politique d'utilisation des images r\u00e9f\u00e9renc\u00e9es par toutes les donn\u00e9es structur\u00e9es et m\u00e9tadonn\u00e9es d'images sur fabioalemanno.com.\t\t\t\t\t\t\t\t<\/div>\n\t\t\t\t\t<\/div>\n\t\t\t\t<\/div>\n\t\t\t\t\t<\/div>\n\t\t\t\t<\/div>\n\t\t\t\t\t<\/div>\n\t\t\t\t<\/div>\n\t\t\t\t<\/div>","protected":false},"excerpt":{"rendered":"<p>USAGE POLICY Image Rights &amp; Usage Terms Our photographs, videos and renderings are available for use by media, partners and private users, provided that the proper credit is given and our brand integrity is maintained. Ownership All images and videos on this website are copyrighted works of\u00a0Fabio Alemanno Design\u00a0or are used with permission from our [&hellip;]<\/p>\n","protected":false},"author":1,"featured_media":0,"parent":0,"menu_order":0,"comment_status":"closed","ping_status":"closed","template":"elementor_canvas","meta":{"footnotes":""},"class_list":["post-32097","page","type-page","status-publish","hentry"],"yoast_head":"<!-- This site is optimized with the Yoast SEO plugin v27.3 - https:\/\/yoast.com\/product\/yoast-seo-wordpress\/ -->\n<title>Image-Rights | Fabio Alemanno Design<\/title>\n<meta name=\"robots\" content=\"index, follow, max-snippet:-1, max-image-preview:large, max-video-preview:-1\" \/>\n<link rel=\"canonical\" href=\"https:\/\/fabio.devclik.com\/fr\/droits-a-limage\/\" \/>\n<meta property=\"og:locale\" content=\"fr_FR\" \/>\n<meta property=\"og:type\" content=\"article\" \/>\n<meta property=\"og:title\" content=\"Image-Rights | Fabio Alemanno Design\" \/>\n<meta property=\"og:description\" content=\"USAGE POLICY Image Rights &amp; Usage Terms Our photographs, videos and renderings are available for use by media, partners and private users, provided that the proper credit is given and our brand integrity is maintained. Ownership All images and videos on this website are copyrighted works of\u00a0Fabio Alemanno Design\u00a0or are used with permission from our [&hellip;]\" \/>\n<meta property=\"og:url\" content=\"https:\/\/fabio.devclik.com\/fr\/droits-a-limage\/\" \/>\n<meta property=\"og:site_name\" content=\"Fabio Alemanno\" \/>\n<meta property=\"article:publisher\" content=\"https:\/\/www.facebook.com\/FabioAlemannoDesignLtd\" \/>\n<meta property=\"article:modified_time\" content=\"2026-04-01T14:08:36+00:00\" \/>\n<meta name=\"twitter:card\" content=\"summary_large_image\" \/>\n<meta name=\"twitter:label1\" content=\"Dur\u00e9e de lecture estim\u00e9e\" \/>\n\t<meta name=\"twitter:data1\" content=\"3 minutes\" \/>\n<script type=\"application\/ld+json\" class=\"yoast-schema-graph\">{\"@context\":\"https:\\\/\\\/schema.org\",\"@graph\":[{\"@type\":\"WebPage\",\"@id\":\"https:\\\/\\\/fabio.devclik.com\\\/image-rights\\\/\",\"url\":\"https:\\\/\\\/fabio.devclik.com\\\/image-rights\\\/\",\"name\":\"Image-Rights | Fabio Alemanno Design\",\"isPartOf\":{\"@id\":\"https:\\\/\\\/fabio.devclik.com\\\/#website\"},\"datePublished\":\"2025-10-21T15:03:19+00:00\",\"dateModified\":\"2026-04-01T14:08:36+00:00\",\"breadcrumb\":{\"@id\":\"https:\\\/\\\/fabio.devclik.com\\\/image-rights\\\/#breadcrumb\"},\"inLanguage\":\"fr-FR\",\"potentialAction\":[{\"@type\":\"ReadAction\",\"target\":[\"https:\\\/\\\/fabio.devclik.com\\\/image-rights\\\/\"]}]},{\"@type\":\"BreadcrumbList\",\"@id\":\"https:\\\/\\\/fabio.devclik.com\\\/image-rights\\\/#breadcrumb\",\"itemListElement\":[{\"@type\":\"ListItem\",\"position\":1,\"name\":\"Home\",\"item\":\"https:\\\/\\\/fabio.devclik.com\\\/\"},{\"@type\":\"ListItem\",\"position\":2,\"name\":\"Image-Rights\"}]},{\"@type\":\"WebSite\",\"@id\":\"https:\\\/\\\/fabio.devclik.com\\\/#website\",\"url\":\"https:\\\/\\\/fabio.devclik.com\\\/\",\"name\":\"Fabio Alemanno\",\"description\":\"Heated Loungers\",\"publisher\":{\"@id\":\"https:\\\/\\\/fabio.devclik.com\\\/#organization\"},\"potentialAction\":[{\"@type\":\"SearchAction\",\"target\":{\"@type\":\"EntryPoint\",\"urlTemplate\":\"https:\\\/\\\/fabio.devclik.com\\\/?s={search_term_string}\"},\"query-input\":{\"@type\":\"PropertyValueSpecification\",\"valueRequired\":true,\"valueName\":\"search_term_string\"}}],\"inLanguage\":\"fr-FR\"},{\"@type\":\"Organization\",\"@id\":\"https:\\\/\\\/fabio.devclik.com\\\/#organization\",\"name\":\"Fabio Alemanno\",\"url\":\"https:\\\/\\\/fabio.devclik.com\\\/\",\"logo\":{\"@type\":\"ImageObject\",\"inLanguage\":\"fr-FR\",\"@id\":\"https:\\\/\\\/fabio.devclik.com\\\/#\\\/schema\\\/logo\\\/image\\\/\",\"url\":\"https:\\\/\\\/fabio.devclik.com\\\/wp-content\\\/uploads\\\/2021\\\/11\\\/logotipo-fabio-bianco.png\",\"contentUrl\":\"https:\\\/\\\/fabio.devclik.com\\\/wp-content\\\/uploads\\\/2021\\\/11\\\/logotipo-fabio-bianco.png\",\"width\":2405,\"height\":2090,\"caption\":\"Fabio Alemanno\"},\"image\":{\"@id\":\"https:\\\/\\\/fabio.devclik.com\\\/#\\\/schema\\\/logo\\\/image\\\/\"},\"sameAs\":[\"https:\\\/\\\/www.facebook.com\\\/FabioAlemannoDesignLtd\"]}]}<\/script>\n<!-- \/ Yoast SEO plugin. -->","yoast_head_json":{"title":"Image-Rights | Fabio Alemanno Design","robots":{"index":"index","follow":"follow","max-snippet":"max-snippet:-1","max-image-preview":"max-image-preview:large","max-video-preview":"max-video-preview:-1"},"canonical":"https:\/\/fabio.devclik.com\/fr\/droits-a-limage\/","og_locale":"fr_FR","og_type":"article","og_title":"Image-Rights | Fabio Alemanno Design","og_description":"USAGE POLICY Image Rights &amp; Usage Terms Our photographs, videos and renderings are available for use by media, partners and private users, provided that the proper credit is given and our brand integrity is maintained. Ownership All images and videos on this website are copyrighted works of\u00a0Fabio Alemanno Design\u00a0or are used with permission from our [&hellip;]","og_url":"https:\/\/fabio.devclik.com\/fr\/droits-a-limage\/","og_site_name":"Fabio Alemanno","article_publisher":"https:\/\/www.facebook.com\/FabioAlemannoDesignLtd","article_modified_time":"2026-04-01T14:08:36+00:00","twitter_card":"summary_large_image","twitter_misc":{"Dur\u00e9e de lecture estim\u00e9e":"3 minutes"},"schema":{"@context":"https:\/\/schema.org","@graph":[{"@type":"WebPage","@id":"https:\/\/fabio.devclik.com\/image-rights\/","url":"https:\/\/fabio.devclik.com\/image-rights\/","name":"Image-Rights | Fabio Alemanno Design","isPartOf":{"@id":"https:\/\/fabio.devclik.com\/#website"},"datePublished":"2025-10-21T15:03:19+00:00","dateModified":"2026-04-01T14:08:36+00:00","breadcrumb":{"@id":"https:\/\/fabio.devclik.com\/image-rights\/#breadcrumb"},"inLanguage":"fr-FR","potentialAction":[{"@type":"ReadAction","target":["https:\/\/fabio.devclik.com\/image-rights\/"]}]},{"@type":"BreadcrumbList","@id":"https:\/\/fabio.devclik.com\/image-rights\/#breadcrumb","itemListElement":[{"@type":"ListItem","position":1,"name":"Home","item":"https:\/\/fabio.devclik.com\/"},{"@type":"ListItem","position":2,"name":"Image-Rights"}]},{"@type":"WebSite","@id":"https:\/\/fabio.devclik.com\/#website","url":"https:\/\/fabio.devclik.com\/","name":"Fabio Alemanno","description":"Heated Loungers","publisher":{"@id":"https:\/\/fabio.devclik.com\/#organization"},"potentialAction":[{"@type":"SearchAction","target":{"@type":"EntryPoint","urlTemplate":"https:\/\/fabio.devclik.com\/?s={search_term_string}"},"query-input":{"@type":"PropertyValueSpecification","valueRequired":true,"valueName":"search_term_string"}}],"inLanguage":"fr-FR"},{"@type":"Organization","@id":"https:\/\/fabio.devclik.com\/#organization","name":"Fabio Alemanno","url":"https:\/\/fabio.devclik.com\/","logo":{"@type":"ImageObject","inLanguage":"fr-FR","@id":"https:\/\/fabio.devclik.com\/#\/schema\/logo\/image\/","url":"https:\/\/fabio.devclik.com\/wp-content\/uploads\/2021\/11\/logotipo-fabio-bianco.png","contentUrl":"https:\/\/fabio.devclik.com\/wp-content\/uploads\/2021\/11\/logotipo-fabio-bianco.png","width":2405,"height":2090,"caption":"Fabio Alemanno"},"image":{"@id":"https:\/\/fabio.devclik.com\/#\/schema\/logo\/image\/"},"sameAs":["https:\/\/www.facebook.com\/FabioAlemannoDesignLtd"]}]}},"_links":{"self":[{"href":"https:\/\/fabio.devclik.com\/fr\/wp-json\/wp\/v2\/pages\/32097","targetHints":{"allow":["GET"]}}],"collection":[{"href":"https:\/\/fabio.devclik.com\/fr\/wp-json\/wp\/v2\/pages"}],"about":[{"href":"https:\/\/fabio.devclik.com\/fr\/wp-json\/wp\/v2\/types\/page"}],"author":[{"embeddable":true,"href":"https:\/\/fabio.devclik.com\/fr\/wp-json\/wp\/v2\/users\/1"}],"replies":[{"embeddable":true,"href":"https:\/\/fabio.devclik.com\/fr\/wp-json\/wp\/v2\/comments?post=32097"}],"version-history":[{"count":0,"href":"https:\/\/fabio.devclik.com\/fr\/wp-json\/wp\/v2\/pages\/32097\/revisions"}],"wp:attachment":[{"href":"https:\/\/fabio.devclik.com\/fr\/wp-json\/wp\/v2\/media?parent=32097"}],"curies":[{"name":"wp","href":"https:\/\/api.w.org\/{rel}","templated":true}]}}